{"id":1316,"date":"2020-02-24T14:25:43","date_gmt":"2020-02-24T13:25:43","guid":{"rendered":"https:\/\/tiretech.de\/tmrs-system\/"},"modified":"2023-05-24T14:36:34","modified_gmt":"2023-05-24T12:36:34","slug":"tmrs-system","status":"publish","type":"page","link":"https:\/\/tiretech.de\/en\/products\/tmrs-system\/","title":{"rendered":"TMRS-System"},"content":{"rendered":"\t\t<div data-elementor-type=\"wp-page\" data-elementor-id=\"1316\" class=\"elementor elementor-1316 elementor-27\" data-elementor-post-type=\"page\">\n\t\t\t\t\t\t<section class=\"elementor-section elementor-top-section elementor-element elementor-element-2d8fa0c elementor-section-height-min-height elementor-section-boxed elementor-section-height-default elementor-section-items-middle\" data-id=\"2d8fa0c\" data-element_type=\"section\" data-e-type=\"section\" data-settings=\"{&quot;background_background&quot;:&quot;classic&quot;}\">\n\t\t\t\t\t\t<div class=\"elementor-container elementor-column-gap-default\">\n\t\t\t\t\t<div class=\"elementor-column elementor-col-100 elementor-top-column elementor-element elementor-element-b92181d\" data-id=\"b92181d\" data-element_type=\"column\" data-e-type=\"column\" data-settings=\"{&quot;background_background&quot;:&quot;classic&quot;}\">\n\t\t\t<div class=\"elementor-widget-wrap elementor-element-populated\">\n\t\t\t\t\t\t<div class=\"elementor-element elementor-element-9460e80 elementor-widget elementor-widget-heading\" data-id=\"9460e80\" data-element_type=\"widget\" data-e-type=\"widget\" data-widget_type=\"heading.default\">\n\t\t\t\t<div class=\"elementor-widget-container\">\n\t\t\t\t\t<h1 class=\"elementor-heading-title elementor-size-default\">TMRS<\/h1>\t\t\t\t<\/div>\n\t\t\t\t<\/div>\n\t\t\t\t<div class=\"elementor-element elementor-element-ea495c3 elementor-widget-divider--view-line elementor-widget elementor-widget-divider\" data-id=\"ea495c3\" data-element_type=\"widget\" data-e-type=\"widget\" data-widget_type=\"divider.default\">\n\t\t\t\t<div class=\"elementor-widget-container\">\n\t\t\t\t\t\t\t<div class=\"elementor-divider\">\n\t\t\t<span class=\"elementor-divider-separator\">\n\t\t\t\t\t\t<\/span>\n\t\t<\/div>\n\t\t\t\t\t\t<\/div>\n\t\t\t\t<\/div>\n\t\t\t\t<div class=\"elementor-element elementor-element-fd65517 elementor-widget elementor-widget-heading\" data-id=\"fd65517\" data-element_type=\"widget\" data-e-type=\"widget\" data-widget_type=\"heading.default\">\n\t\t\t\t<div class=\"elementor-widget-container\">\n\t\t\t\t\t<span class=\"elementor-heading-title elementor-size-small\">Tire Measurement\u00a0Reporting System\u200b<sup>\u00ae<\/sup><\/span>\t\t\t\t<\/div>\n\t\t\t\t<\/div>\n\t\t\t\t\t<\/div>\n\t\t<\/div>\n\t\t\t\t\t<\/div>\n\t\t<\/section>\n\t\t\t\t<section class=\"elementor-section elementor-top-section elementor-element elementor-element-784b5a9 elementor-section-boxed elementor-section-height-default elementor-section-height-default\" data-id=\"784b5a9\" data-element_type=\"section\" data-e-type=\"section\" data-settings=\"{&quot;background_background&quot;:&quot;classic&quot;}\">\n\t\t\t\t\t\t<div class=\"elementor-container elementor-column-gap-default\">\n\t\t\t\t\t<div class=\"elementor-column elementor-col-100 elementor-top-column elementor-element elementor-element-d37a741\" data-id=\"d37a741\" data-element_type=\"column\" data-e-type=\"column\">\n\t\t\t<div class=\"elementor-widget-wrap elementor-element-populated\">\n\t\t\t\t\t\t<div class=\"elementor-element elementor-element-2dbad70 elementor-widget elementor-widget-text-editor\" data-id=\"2dbad70\" data-element_type=\"widget\" data-e-type=\"widget\" data-widget_type=\"text-editor.default\">\n\t\t\t\t<div class=\"elementor-widget-container\">\n\t\t\t\t\t\t\t\t\t<p>\u201eDie TireTech GmbH positioniert sich als\u00a0<span style=\"font-family: var( --e-global-typography-text-font-family ), Sans-serif; font-size: 1rem;\">innovatives und agiles Unternehmen mit\u00a0<\/span><span style=\"font-family: var( --e-global-typography-text-font-family ), Sans-serif; font-size: 1rem;\">hochwertigen Sondermaschinen zur\u00a0<\/span><span style=\"font-family: var( --e-global-typography-text-font-family ), Sans-serif; font-size: 1rem;\">Qualifizierung von Altreifen und\u00a0<\/span><span style=\"font-family: var( --e-global-typography-text-font-family ), Sans-serif; font-size: 1rem;\">Neureifen.<\/span><span style=\"font-family: var( --e-global-typography-text-font-family ), Sans-serif; font-size: 1rem;\">\u00a0Es ist das erste Unternehmen weltweit, welches eine automatisierte L\u00f6sung f\u00fcr die Qualifizierung zur Wiederverwendung und Entsorgung von Altreifen anbietet \u2013 und das \u201eMade in Germany\u201c. Zielgruppe sind generell Entsorgungsunternehmen von Altreifen.<\/span><\/p>\t\t\t\t\t\t\t\t<\/div>\n\t\t\t\t<\/div>\n\t\t\t\t<div class=\"elementor-element elementor-element-24a94a6 elementor-widget elementor-widget-gallery\" data-id=\"24a94a6\" data-element_type=\"widget\" data-e-type=\"widget\" data-settings=\"{&quot;gallery_layout&quot;:&quot;justified&quot;,&quot;lazyload&quot;:&quot;yes&quot;,&quot;ideal_row_height&quot;:{&quot;unit&quot;:&quot;px&quot;,&quot;size&quot;:200,&quot;sizes&quot;:[]},&quot;ideal_row_height_tablet&quot;:{&quot;unit&quot;:&quot;px&quot;,&quot;size&quot;:150,&quot;sizes&quot;:[]},&quot;ideal_row_height_mobile&quot;:{&quot;unit&quot;:&quot;px&quot;,&quot;size&quot;:150,&quot;sizes&quot;:[]},&quot;gap&quot;:{&quot;unit&quot;:&quot;px&quot;,&quot;size&quot;:10,&quot;sizes&quot;:[]},&quot;gap_tablet&quot;:{&quot;unit&quot;:&quot;px&quot;,&quot;size&quot;:10,&quot;sizes&quot;:[]},&quot;gap_mobile&quot;:{&quot;unit&quot;:&quot;px&quot;,&quot;size&quot;:10,&quot;sizes&quot;:[]},&quot;link_to&quot;:&quot;file&quot;,&quot;overlay_background&quot;:&quot;yes&quot;,&quot;content_hover_animation&quot;:&quot;fade-in&quot;}\" data-widget_type=\"gallery.default\">\n\t\t\t\t<div class=\"elementor-widget-container\">\n\t\t\t\t\t\t\t<div class=\"elementor-gallery__container\">\n\t\t\t\t\t\t\t<a class=\"e-gallery-item elementor-gallery-item elementor-animated-content\" href=\"https:\/\/tiretech.de\/wp-content\/uploads\/PB290021-scaled.jpg\" data-elementor-open-lightbox=\"yes\" data-elementor-lightbox-slideshow=\"24a94a6\" data-e-action-hash=\"#elementor-action%3Aaction%3Dlightbox%26settings%3DeyJpZCI6MTI0NjUsInVybCI6Imh0dHBzOlwvXC90aXJldGVjaC5kZVwvd3AtY29udGVudFwvdXBsb2Fkc1wvUEIyOTAwMjEtc2NhbGVkLmpwZyIsInNsaWRlc2hvdyI6IjI0YTk0YTYifQ%3D%3D\">\n\t\t\t\t\t<div class=\"e-gallery-image elementor-gallery-item__image\" data-thumbnail=\"https:\/\/tiretech.de\/wp-content\/uploads\/PB290021-300x225.jpg\" data-width=\"300\" data-height=\"225\" aria-label=\"\" role=\"img\" ><\/div>\n\t\t\t\t\t\t\t\t\t\t\t<div class=\"elementor-gallery-item__overlay\"><\/div>\n\t\t\t\t\t\t\t\t\t\t\t\t\t\t<\/a>\n\t\t\t\t\t\t\t<a class=\"e-gallery-item elementor-gallery-item elementor-animated-content\" href=\"https:\/\/tiretech.de\/wp-content\/uploads\/P0001356_kleinzuransicht.jpg\" data-elementor-open-lightbox=\"yes\" data-elementor-lightbox-slideshow=\"24a94a6\" data-e-action-hash=\"#elementor-action%3Aaction%3Dlightbox%26settings%3DeyJpZCI6MTI1ODAsInVybCI6Imh0dHBzOlwvXC90aXJldGVjaC5kZVwvd3AtY29udGVudFwvdXBsb2Fkc1wvUDAwMDEzNTZfa2xlaW56dXJhbnNpY2h0LmpwZyIsInNsaWRlc2hvdyI6IjI0YTk0YTYifQ%3D%3D\">\n\t\t\t\t\t<div class=\"e-gallery-image elementor-gallery-item__image\" data-thumbnail=\"https:\/\/tiretech.de\/wp-content\/uploads\/P0001356_kleinzuransicht-300x225.jpg\" data-width=\"300\" data-height=\"225\" aria-label=\"\" role=\"img\" ><\/div>\n\t\t\t\t\t\t\t\t\t\t\t<div class=\"elementor-gallery-item__overlay\"><\/div>\n\t\t\t\t\t\t\t\t\t\t\t\t\t\t<\/a>\n\t\t\t\t\t\t\t<a class=\"e-gallery-item elementor-gallery-item elementor-animated-content\" href=\"https:\/\/tiretech.de\/wp-content\/uploads\/P0001351_kleinzuransicht.jpg\" data-elementor-open-lightbox=\"yes\" data-elementor-lightbox-slideshow=\"24a94a6\" data-e-action-hash=\"#elementor-action%3Aaction%3Dlightbox%26settings%3DeyJpZCI6MTI1ODIsInVybCI6Imh0dHBzOlwvXC90aXJldGVjaC5kZVwvd3AtY29udGVudFwvdXBsb2Fkc1wvUDAwMDEzNTFfa2xlaW56dXJhbnNpY2h0LmpwZyIsInNsaWRlc2hvdyI6IjI0YTk0YTYifQ%3D%3D\">\n\t\t\t\t\t<div class=\"e-gallery-image elementor-gallery-item__image\" data-thumbnail=\"https:\/\/tiretech.de\/wp-content\/uploads\/P0001351_kleinzuransicht-300x225.jpg\" data-width=\"300\" data-height=\"225\" aria-label=\"\" role=\"img\" ><\/div>\n\t\t\t\t\t\t\t\t\t\t\t<div class=\"elementor-gallery-item__overlay\"><\/div>\n\t\t\t\t\t\t\t\t\t\t\t\t\t\t<\/a>\n\t\t\t\t\t\t\t<a class=\"e-gallery-item elementor-gallery-item elementor-animated-content\" href=\"https:\/\/tiretech.de\/wp-content\/uploads\/No1369_1-scaled.jpg\" data-elementor-open-lightbox=\"yes\" data-elementor-lightbox-slideshow=\"24a94a6\" data-e-action-hash=\"#elementor-action%3Aaction%3Dlightbox%26settings%3DeyJpZCI6MTI1NDIsInVybCI6Imh0dHBzOlwvXC90aXJldGVjaC5kZVwvd3AtY29udGVudFwvdXBsb2Fkc1wvTm8xMzY5XzEtc2NhbGVkLmpwZyIsInNsaWRlc2hvdyI6IjI0YTk0YTYifQ%3D%3D\">\n\t\t\t\t\t<div class=\"e-gallery-image elementor-gallery-item__image\" data-thumbnail=\"https:\/\/tiretech.de\/wp-content\/uploads\/No1369_1-300x225.jpg\" data-width=\"300\" data-height=\"225\" aria-label=\"\" role=\"img\" ><\/div>\n\t\t\t\t\t\t\t\t\t\t\t<div class=\"elementor-gallery-item__overlay\"><\/div>\n\t\t\t\t\t\t\t\t\t\t\t\t\t\t<\/a>\n\t\t\t\t\t\t\t<a class=\"e-gallery-item elementor-gallery-item elementor-animated-content\" href=\"https:\/\/tiretech.de\/wp-content\/uploads\/Screenshot-2023-05-09-174105.png\" data-elementor-open-lightbox=\"yes\" data-elementor-lightbox-slideshow=\"24a94a6\" data-e-action-hash=\"#elementor-action%3Aaction%3Dlightbox%26settings%3DeyJpZCI6MTI1OTMsInVybCI6Imh0dHBzOlwvXC90aXJldGVjaC5kZVwvd3AtY29udGVudFwvdXBsb2Fkc1wvU2NyZWVuc2hvdC0yMDIzLTA1LTA5LTE3NDEwNS5wbmciLCJzbGlkZXNob3ciOiIyNGE5NGE2In0%3D\">\n\t\t\t\t\t<div class=\"e-gallery-image elementor-gallery-item__image\" data-thumbnail=\"https:\/\/tiretech.de\/wp-content\/uploads\/Screenshot-2023-05-09-174105-300x239.png\" data-width=\"300\" data-height=\"239\" aria-label=\"\" role=\"img\" ><\/div>\n\t\t\t\t\t\t\t\t\t\t\t<div class=\"elementor-gallery-item__overlay\"><\/div>\n\t\t\t\t\t\t\t\t\t\t\t\t\t\t<\/a>\n\t\t\t\t\t\t\t<a class=\"e-gallery-item elementor-gallery-item elementor-animated-content\" href=\"https:\/\/tiretech.de\/wp-content\/uploads\/Bild1-1.jpg\" data-elementor-open-lightbox=\"yes\" data-elementor-lightbox-slideshow=\"24a94a6\" data-e-action-hash=\"#elementor-action%3Aaction%3Dlightbox%26settings%3DeyJpZCI6MTI1OTUsInVybCI6Imh0dHBzOlwvXC90aXJldGVjaC5kZVwvd3AtY29udGVudFwvdXBsb2Fkc1wvQmlsZDEtMS5qcGciLCJzbGlkZXNob3ciOiIyNGE5NGE2In0%3D\">\n\t\t\t\t\t<div class=\"e-gallery-image elementor-gallery-item__image\" data-thumbnail=\"https:\/\/tiretech.de\/wp-content\/uploads\/Bild1-1-300x173.jpg\" data-width=\"300\" data-height=\"173\" aria-label=\"\" role=\"img\" ><\/div>\n\t\t\t\t\t\t\t\t\t\t\t<div class=\"elementor-gallery-item__overlay\"><\/div>\n\t\t\t\t\t\t\t\t\t\t\t\t\t\t<\/a>\n\t\t\t\t\t\t\t<a class=\"e-gallery-item elementor-gallery-item elementor-animated-content\" href=\"https:\/\/tiretech.de\/wp-content\/uploads\/PB290012-scaled.jpg\" data-elementor-open-lightbox=\"yes\" data-elementor-lightbox-slideshow=\"24a94a6\" data-e-action-hash=\"#elementor-action%3Aaction%3Dlightbox%26settings%3DeyJpZCI6MTI1OTcsInVybCI6Imh0dHBzOlwvXC90aXJldGVjaC5kZVwvd3AtY29udGVudFwvdXBsb2Fkc1wvUEIyOTAwMTItc2NhbGVkLmpwZyIsInNsaWRlc2hvdyI6IjI0YTk0YTYifQ%3D%3D\">\n\t\t\t\t\t<div class=\"e-gallery-image elementor-gallery-item__image\" data-thumbnail=\"https:\/\/tiretech.de\/wp-content\/uploads\/PB290012-300x225.jpg\" data-width=\"300\" data-height=\"225\" aria-label=\"\" role=\"img\" ><\/div>\n\t\t\t\t\t\t\t\t\t\t\t<div class=\"elementor-gallery-item__overlay\"><\/div>\n\t\t\t\t\t\t\t\t\t\t\t\t\t\t<\/a>\n\t\t\t\t\t<\/div>\n\t\t\t\t\t<\/div>\n\t\t\t\t<\/div>\n\t\t\t\t<section class=\"elementor-section elementor-inner-section elementor-element elementor-element-ee29e22 elementor-section-boxed elementor-section-height-default elementor-section-height-default\" data-id=\"ee29e22\" data-element_type=\"section\" data-e-type=\"section\">\n\t\t\t\t\t\t<div class=\"elementor-container elementor-column-gap-default\">\n\t\t\t\t\t<div class=\"elementor-column elementor-col-50 elementor-inner-column elementor-element elementor-element-3972617\" data-id=\"3972617\" data-element_type=\"column\" data-e-type=\"column\">\n\t\t\t<div class=\"elementor-widget-wrap elementor-element-populated\">\n\t\t\t\t\t\t<div class=\"elementor-element elementor-element-2881cc3 elementor-widget elementor-widget-text-editor\" data-id=\"2881cc3\" data-element_type=\"widget\" data-e-type=\"widget\" data-widget_type=\"text-editor.default\">\n\t\t\t\t<div class=\"elementor-widget-container\">\n\t\t\t\t\t\t\t\t\t<p>Neben der individuellen und pers\u00f6nlichen Kundenbetreuung geht es im Produktkern um:<\/p><ul><li>Komplette Automatisierung der Qualit\u00e4ts\u00fcberpr\u00fcfung von Altreifen<\/li><li>Sortierung nach Ihren individuellen Vorgaben<\/li><li>Registrierung der Ereignisse<\/li><\/ul>\t\t\t\t\t\t\t\t<\/div>\n\t\t\t\t<\/div>\n\t\t\t\t\t<\/div>\n\t\t<\/div>\n\t\t\t\t<div class=\"elementor-column elementor-col-50 elementor-inner-column elementor-element elementor-element-6fe84d5\" data-id=\"6fe84d5\" data-element_type=\"column\" data-e-type=\"column\">\n\t\t\t<div class=\"elementor-widget-wrap elementor-element-populated\">\n\t\t\t\t\t\t<div class=\"elementor-element elementor-element-1785c68 elementor-widget elementor-widget-text-editor\" data-id=\"1785c68\" data-element_type=\"widget\" data-e-type=\"widget\" data-widget_type=\"text-editor.default\">\n\t\t\t\t<div class=\"elementor-widget-container\">\n\t\t\t\t\t\t\t\t\t<p>Vorteile:<\/p>\n<ul>\n<li>Umweltschonend durch deutlich h\u00f6here Wiederverwendbarkeit der Altreifen<\/li>\n<li>Einsparung der Personalkosten<\/li>\n<li>Verbesserung der Arbeitsbedingungen f\u00fcr Ihr Personal<\/li>\n<li>Registrierung und Markierung der gepr\u00fcften Altreifen<\/li>\n<li>Maschinenkonfiguration individuell nach Ihren Vorstellung anpassbar<\/li>\n<li>Schneller Pr\u00fcfungsprozess und hoher Stundendurchsatz<\/li>\n<\/ul>\t\t\t\t\t\t\t\t<\/div>\n\t\t\t\t<\/div>\n\t\t\t\t\t<\/div>\n\t\t<\/div>\n\t\t\t\t\t<\/div>\n\t\t<\/section>\n\t\t\t\t\t<\/div>\n\t\t<\/div>\n\t\t\t\t\t<\/div>\n\t\t<\/section>\n\t\t\t\t<section class=\"elementor-section elementor-top-section elementor-element elementor-element-6d561d0 elementor-section-boxed elementor-section-height-default elementor-section-height-default\" data-id=\"6d561d0\" data-element_type=\"section\" data-e-type=\"section\" data-settings=\"{&quot;background_background&quot;:&quot;classic&quot;}\">\n\t\t\t\t\t\t<div class=\"elementor-container elementor-column-gap-default\">\n\t\t\t\t\t<div class=\"elementor-column elementor-col-100 elementor-top-column elementor-element elementor-element-a0e7541\" data-id=\"a0e7541\" data-element_type=\"column\" data-e-type=\"column\">\n\t\t\t<div class=\"elementor-widget-wrap elementor-element-populated\">\n\t\t\t\t\t\t<section class=\"elementor-section elementor-inner-section elementor-element elementor-element-ead674f elementor-section-boxed elementor-section-height-default elementor-section-height-default\" data-id=\"ead674f\" data-element_type=\"section\" data-e-type=\"section\">\n\t\t\t\t\t\t<div class=\"elementor-container elementor-column-gap-default\">\n\t\t\t\t\t<div class=\"elementor-column elementor-col-50 elementor-inner-column elementor-element elementor-element-f4edd38\" data-id=\"f4edd38\" data-element_type=\"column\" data-e-type=\"column\">\n\t\t\t<div class=\"elementor-widget-wrap elementor-element-populated\">\n\t\t\t\t\t\t<div class=\"elementor-element elementor-element-a3ca74f elementor-cta--skin-cover elementor-bg-transform elementor-bg-transform-zoom-out elementor-animated-content elementor-widget elementor-widget-call-to-action\" data-id=\"a3ca74f\" data-element_type=\"widget\" data-e-type=\"widget\" data-widget_type=\"call-to-action.default\">\n\t\t\t\t<div class=\"elementor-widget-container\">\n\t\t\t\t\t\t\t<div class=\"elementor-cta\">\n\t\t\t\t\t<div class=\"elementor-cta__bg-wrapper\">\n\t\t\t\t<div class=\"elementor-cta__bg elementor-bg\" style=\"background-image: url(https:\/\/tiretech.de\/wp-content\/uploads\/reifen-auf-rotem-teppich.jpg);\" role=\"img\" aria-label=\"reifen-auf-rotem-teppich\"><\/div>\n\t\t\t\t<div class=\"elementor-cta__bg-overlay\"><\/div>\n\t\t\t<\/div>\n\t\t\t\t\t\t\t<div class=\"elementor-cta__content\">\n\t\t\t\t\n\t\t\t\t\t\t\t\t\t<h2 class=\"elementor-cta__title elementor-cta__content-item elementor-content-item elementor-animated-item--grow\">\n\t\t\t\t\t\tDie Produktl\u00f6sung\t\t\t\t\t<\/h2>\n\t\t\t\t\n\t\t\t\t\n\t\t\t\t\t\t\t\t\t<div class=\"elementor-cta__button-wrapper elementor-cta__content-item elementor-content-item elementor-animated-item--grow\">\n\t\t\t\t\t<a class=\"elementor-cta__button elementor-button elementor-size-\" href=\"https:\/\/tiretech.de\/tmrs-system\/loesung\/\">\n\t\t\t\t\t\tmehr erfahren\t\t\t\t\t<\/a>\n\t\t\t\t\t<\/div>\n\t\t\t\t\t\t\t<\/div>\n\t\t\t\t\t\t<\/div>\n\t\t\t\t\t\t<\/div>\n\t\t\t\t<\/div>\n\t\t\t\t\t<\/div>\n\t\t<\/div>\n\t\t\t\t<div class=\"elementor-column elementor-col-50 elementor-inner-column elementor-element elementor-element-db8796e\" data-id=\"db8796e\" data-element_type=\"column\" data-e-type=\"column\">\n\t\t\t<div class=\"elementor-widget-wrap elementor-element-populated\">\n\t\t\t\t\t\t<div class=\"elementor-element elementor-element-6ed6e68 elementor-cta--skin-cover elementor-bg-transform elementor-bg-transform-zoom-out elementor-animated-content elementor-widget elementor-widget-call-to-action\" data-id=\"6ed6e68\" data-element_type=\"widget\" data-e-type=\"widget\" data-widget_type=\"call-to-action.default\">\n\t\t\t\t<div class=\"elementor-widget-container\">\n\t\t\t\t\t\t\t<div class=\"elementor-cta\">\n\t\t\t\t\t<div class=\"elementor-cta__bg-wrapper\">\n\t\t\t\t<div class=\"elementor-cta__bg elementor-bg\" style=\"background-image: url(https:\/\/tiretech.de\/wp-content\/uploads\/reifenspuren.svg);\" role=\"img\" aria-label=\"reifenspuren\"><\/div>\n\t\t\t\t<div class=\"elementor-cta__bg-overlay\"><\/div>\n\t\t\t<\/div>\n\t\t\t\t\t\t\t<div class=\"elementor-cta__content\">\n\t\t\t\t\n\t\t\t\t\t\t\t\t\t<h2 class=\"elementor-cta__title elementor-cta__content-item elementor-content-item elementor-animated-item--grow\">\n\t\t\t\t\t\tDer Prozess\t\t\t\t\t<\/h2>\n\t\t\t\t\n\t\t\t\t\n\t\t\t\t\t\t\t\t\t<div class=\"elementor-cta__button-wrapper elementor-cta__content-item elementor-content-item elementor-animated-item--grow\">\n\t\t\t\t\t<a class=\"elementor-cta__button elementor-button elementor-size-\" href=\"https:\/\/tiretech.de\/tmrs-system\/prozess\/\">\n\t\t\t\t\t\tmehr erfahren\t\t\t\t\t<\/a>\n\t\t\t\t\t<\/div>\n\t\t\t\t\t\t\t<\/div>\n\t\t\t\t\t\t<\/div>\n\t\t\t\t\t\t<\/div>\n\t\t\t\t<\/div>\n\t\t\t\t\t<\/div>\n\t\t<\/div>\n\t\t\t\t\t<\/div>\n\t\t<\/section>\n\t\t\t\t\t<\/div>\n\t\t<\/div>\n\t\t\t\t\t<\/div>\n\t\t<\/section>\n\t\t\t\t<\/div>\n\t\t","protected":false},"excerpt":{"rendered":"<p>TMRS Tire Measurement\u00a0Reporting System\u200b\u00ae \u201eDie TireTech GmbH positioniert sich als\u00a0innovatives und agiles Unternehmen mit\u00a0hochwertigen Sondermaschinen zur\u00a0Qualifizierung von Altreifen und\u00a0Neureifen.\u00a0Es ist das erste Unternehmen weltweit, welches eine automatisierte L\u00f6sung f\u00fcr die Qualifizierung zur Wiederverwendung und Entsorgung von Altreifen anbietet \u2013 und das \u201eMade in Germany\u201c. Zielgruppe sind generell Entsorgungsunternehmen von Altreifen. Neben der individuellen und pers\u00f6nlichen [&hellip;]<\/p>\n","protected":false},"author":1,"featured_media":0,"parent":1338,"menu_order":2,"comment_status":"closed","ping_status":"closed","template":"","meta":{"inline_featured_image":false,"footnotes":""},"class_list":["post-1316","page","type-page","status-publish","hentry","entry"],"yoast_head":"<!-- This site is optimized with the Yoast SEO plugin v27.2 - https:\/\/yoast.com\/product\/yoast-seo-wordpress\/ -->\n<title>TMRS-System - TireTech GmbH<\/title>\n<meta name=\"robots\" content=\"index, follow, max-snippet:-1, max-image-preview:large, max-video-preview:-1\" \/>\n<link rel=\"canonical\" href=\"https:\/\/tiretech.de\/en\/products\/tmrs-system\/\" \/>\n<meta property=\"og:locale\" content=\"en_US\" \/>\n<meta property=\"og:type\" content=\"article\" \/>\n<meta property=\"og:title\" content=\"TMRS-System - TireTech GmbH\" \/>\n<meta property=\"og:description\" content=\"TMRS Tire Measurement\u00a0Reporting System\u200b\u00ae \u201eDie TireTech GmbH positioniert sich als\u00a0innovatives und agiles Unternehmen mit\u00a0hochwertigen Sondermaschinen zur\u00a0Qualifizierung von Altreifen und\u00a0Neureifen.\u00a0Es ist das erste Unternehmen weltweit, welches eine automatisierte L\u00f6sung f\u00fcr die Qualifizierung zur Wiederverwendung und Entsorgung von Altreifen anbietet \u2013 und das \u201eMade in Germany\u201c. Zielgruppe sind generell Entsorgungsunternehmen von Altreifen. Neben der individuellen und pers\u00f6nlichen [&hellip;]\" \/>\n<meta property=\"og:url\" content=\"https:\/\/tiretech.de\/en\/products\/tmrs-system\/\" \/>\n<meta property=\"og:site_name\" content=\"TireTech GmbH\" \/>\n<meta property=\"article:modified_time\" content=\"2023-05-24T12:36:34+00:00\" \/>\n<meta name=\"twitter:label1\" content=\"Est. reading time\" \/>\n\t<meta name=\"twitter:data1\" content=\"1 minute\" \/>\n<script type=\"application\/ld+json\" class=\"yoast-schema-graph\">{\"@context\":\"https:\/\/schema.org\",\"@graph\":[{\"@type\":\"WebPage\",\"@id\":\"https:\/\/tiretech.de\/en\/products\/tmrs-system\/\",\"url\":\"https:\/\/tiretech.de\/en\/products\/tmrs-system\/\",\"name\":\"TMRS-System - TireTech GmbH\",\"isPartOf\":{\"@id\":\"https:\/\/tiretech.de\/en\/#website\"},\"datePublished\":\"2020-02-24T13:25:43+00:00\",\"dateModified\":\"2023-05-24T12:36:34+00:00\",\"breadcrumb\":{\"@id\":\"https:\/\/tiretech.de\/en\/products\/tmrs-system\/#breadcrumb\"},\"inLanguage\":\"en-US\",\"potentialAction\":[{\"@type\":\"ReadAction\",\"target\":[\"https:\/\/tiretech.de\/en\/products\/tmrs-system\/\"]}]},{\"@type\":\"BreadcrumbList\",\"@id\":\"https:\/\/tiretech.de\/en\/products\/tmrs-system\/#breadcrumb\",\"itemListElement\":[{\"@type\":\"ListItem\",\"position\":1,\"name\":\"Startseite\",\"item\":\"https:\/\/tiretech.de\/en\/\"},{\"@type\":\"ListItem\",\"position\":2,\"name\":\"Service \/ products\",\"item\":\"https:\/\/tiretech.de\/en\/products\/\"},{\"@type\":\"ListItem\",\"position\":3,\"name\":\"TMRS-System\"}]},{\"@type\":\"WebSite\",\"@id\":\"https:\/\/tiretech.de\/en\/#website\",\"url\":\"https:\/\/tiretech.de\/en\/\",\"name\":\"TireTech GmbH\",\"description\":\"Maschinenbau und Automation\",\"publisher\":{\"@id\":\"https:\/\/tiretech.de\/en\/#organization\"},\"potentialAction\":[{\"@type\":\"SearchAction\",\"target\":{\"@type\":\"EntryPoint\",\"urlTemplate\":\"https:\/\/tiretech.de\/en\/?s={search_term_string}\"},\"query-input\":{\"@type\":\"PropertyValueSpecification\",\"valueRequired\":true,\"valueName\":\"search_term_string\"}}],\"inLanguage\":\"en-US\"},{\"@type\":\"Organization\",\"@id\":\"https:\/\/tiretech.de\/en\/#organization\",\"name\":\"TireTech GmbH Maschinenbau und Automation\",\"url\":\"https:\/\/tiretech.de\/en\/\",\"logo\":{\"@type\":\"ImageObject\",\"inLanguage\":\"en-US\",\"@id\":\"https:\/\/tiretech.de\/en\/#\/schema\/logo\/image\/\",\"url\":\"https:\/\/tiretech.de\/wp-content\/uploads\/tiretech_logo.svg\",\"contentUrl\":\"https:\/\/tiretech.de\/wp-content\/uploads\/tiretech_logo.svg\",\"width\":\"1024\",\"height\":\"1024\",\"caption\":\"TireTech GmbH Maschinenbau und Automation\"},\"image\":{\"@id\":\"https:\/\/tiretech.de\/en\/#\/schema\/logo\/image\/\"}}]}<\/script>\n<!-- \/ Yoast SEO plugin. -->","yoast_head_json":{"title":"TMRS-System - TireTech GmbH","robots":{"index":"index","follow":"follow","max-snippet":"max-snippet:-1","max-image-preview":"max-image-preview:large","max-video-preview":"max-video-preview:-1"},"canonical":"https:\/\/tiretech.de\/en\/products\/tmrs-system\/","og_locale":"en_US","og_type":"article","og_title":"TMRS-System - TireTech GmbH","og_description":"TMRS Tire Measurement\u00a0Reporting System\u200b\u00ae \u201eDie TireTech GmbH positioniert sich als\u00a0innovatives und agiles Unternehmen mit\u00a0hochwertigen Sondermaschinen zur\u00a0Qualifizierung von Altreifen und\u00a0Neureifen.\u00a0Es ist das erste Unternehmen weltweit, welches eine automatisierte L\u00f6sung f\u00fcr die Qualifizierung zur Wiederverwendung und Entsorgung von Altreifen anbietet \u2013 und das \u201eMade in Germany\u201c. Zielgruppe sind generell Entsorgungsunternehmen von Altreifen. Neben der individuellen und pers\u00f6nlichen [&hellip;]","og_url":"https:\/\/tiretech.de\/en\/products\/tmrs-system\/","og_site_name":"TireTech GmbH","article_modified_time":"2023-05-24T12:36:34+00:00","twitter_misc":{"Est. reading time":"1 minute"},"schema":{"@context":"https:\/\/schema.org","@graph":[{"@type":"WebPage","@id":"https:\/\/tiretech.de\/en\/products\/tmrs-system\/","url":"https:\/\/tiretech.de\/en\/products\/tmrs-system\/","name":"TMRS-System - TireTech GmbH","isPartOf":{"@id":"https:\/\/tiretech.de\/en\/#website"},"datePublished":"2020-02-24T13:25:43+00:00","dateModified":"2023-05-24T12:36:34+00:00","breadcrumb":{"@id":"https:\/\/tiretech.de\/en\/products\/tmrs-system\/#breadcrumb"},"inLanguage":"en-US","potentialAction":[{"@type":"ReadAction","target":["https:\/\/tiretech.de\/en\/products\/tmrs-system\/"]}]},{"@type":"BreadcrumbList","@id":"https:\/\/tiretech.de\/en\/products\/tmrs-system\/#breadcrumb","itemListElement":[{"@type":"ListItem","position":1,"name":"Startseite","item":"https:\/\/tiretech.de\/en\/"},{"@type":"ListItem","position":2,"name":"Service \/ products","item":"https:\/\/tiretech.de\/en\/products\/"},{"@type":"ListItem","position":3,"name":"TMRS-System"}]},{"@type":"WebSite","@id":"https:\/\/tiretech.de\/en\/#website","url":"https:\/\/tiretech.de\/en\/","name":"TireTech GmbH","description":"Maschinenbau und Automation","publisher":{"@id":"https:\/\/tiretech.de\/en\/#organization"},"potentialAction":[{"@type":"SearchAction","target":{"@type":"EntryPoint","urlTemplate":"https:\/\/tiretech.de\/en\/?s={search_term_string}"},"query-input":{"@type":"PropertyValueSpecification","valueRequired":true,"valueName":"search_term_string"}}],"inLanguage":"en-US"},{"@type":"Organization","@id":"https:\/\/tiretech.de\/en\/#organization","name":"TireTech GmbH Maschinenbau und Automation","url":"https:\/\/tiretech.de\/en\/","logo":{"@type":"ImageObject","inLanguage":"en-US","@id":"https:\/\/tiretech.de\/en\/#\/schema\/logo\/image\/","url":"https:\/\/tiretech.de\/wp-content\/uploads\/tiretech_logo.svg","contentUrl":"https:\/\/tiretech.de\/wp-content\/uploads\/tiretech_logo.svg","width":"1024","height":"1024","caption":"TireTech GmbH Maschinenbau und Automation"},"image":{"@id":"https:\/\/tiretech.de\/en\/#\/schema\/logo\/image\/"}}]}},"_links":{"self":[{"href":"https:\/\/tiretech.de\/en\/wp-json\/wp\/v2\/pages\/1316","targetHints":{"allow":["GET"]}}],"collection":[{"href":"https:\/\/tiretech.de\/en\/wp-json\/wp\/v2\/pages"}],"about":[{"href":"https:\/\/tiretech.de\/en\/wp-json\/wp\/v2\/types\/page"}],"author":[{"embeddable":true,"href":"https:\/\/tiretech.de\/en\/wp-json\/wp\/v2\/users\/1"}],"replies":[{"embeddable":true,"href":"https:\/\/tiretech.de\/en\/wp-json\/wp\/v2\/comments?post=1316"}],"version-history":[{"count":0,"href":"https:\/\/tiretech.de\/en\/wp-json\/wp\/v2\/pages\/1316\/revisions"}],"up":[{"embeddable":true,"href":"https:\/\/tiretech.de\/en\/wp-json\/wp\/v2\/pages\/1338"}],"wp:attachment":[{"href":"https:\/\/tiretech.de\/en\/wp-json\/wp\/v2\/media?parent=1316"}],"curies":[{"name":"wp","href":"https:\/\/api.w.org\/{rel}","templated":true}]}}